{"id":186,"date":"2022-08-02T11:16:13","date_gmt":"2022-08-02T09:16:13","guid":{"rendered":"https:\/\/www.hotelfoch.fr\/lhotel-foch-son-histoire\/"},"modified":"2023-10-11T17:30:40","modified_gmt":"2023-10-11T15:30:40","slug":"hotel-foch-its-history","status":"publish","type":"page","link":"https:\/\/www.hotelfoch.fr\/en\/hotel-foch-its-history\/","title":{"rendered":"HOTEL FOCH, its history"},"content":{"rendered":"<p>It may not look be the most glamorous place in the city, but it is an exceptional building for several reasons, including its spectacular style of Modernism&#8230;<\/p>\n<p>Modernism: the windows face south to capture the light and the views over the city, and the hotel has a roof terrace, which was very rare at the time. The architect Rapha\u00ebl Oudeville was born in the Vosges in 1896 and died in Nancy on 3rd October 1949. He is best known for the Cit\u00e9 Senn or Cit\u00e9 Oudeville in Villers-les-Nancy, built in 1929. On the ground floor of the hotel, an art deco stained glass window by Georges Bassinot.<br \/>\nRapha\u00ebl Oudeville is one of Nancy&#8217;s most renowned modernist architects. He took over the practice of Lucien Weissenburger, the city&#8217;s Art Nouveau architect.<\/p>\n<p>The interior also features a Prouv\u00e9-inspired aluminium banister.<\/p>\n<p>Modernism was an architectural movement of the 1920s and 1930s. It was undoubtedly the greatest revolution in the history of architecture. The H\u00f4tel Foch was built as an extension to the Brasserie des 2 H\u00e9misph\u00e8res on Place Thiers, owned by Mr Vidalenc. The plans for the building date from 1932, and the construction work seems to have been completed at the end of 1933.<\/p>\n","protected":false},"excerpt":{"rendered":"<p>It may not look be the most glamorous place in the city, but it is an exceptional building for several reasons, including its spectacular style of Modernism&#8230; Modernism: the windows face south to capture the light and the views over the city, and the hotel has a roof terrace, which was very rare at the [&hellip;]<\/p>\n","protected":false},"author":15,"featured_media":0,"parent":0,"menu_order":0,"comment_status":"closed","ping_status":"closed","template":"template-default-2.php","meta":{"footnotes":""},"class_list":["post-186","page","type-page","status-publish","hentry"],"yoast_head":"<!-- This site is optimized with the Yoast SEO plugin v26.9 - https:\/\/yoast.com\/product\/yoast-seo-wordpress\/ -->\n<title>HOTEL FOCH, its history - Foch Nancy<\/title>\n<meta name=\"description\" content=\"It may not look be the most glamorous place in the city, but it is an exceptional building for several reasons, including its spectacular style of\" \/>\n<meta name=\"robots\" content=\"index, follow, max-snippet:-1, max-image-preview:large, max-video-preview:-1\" \/>\n<link rel=\"canonical\" href=\"https:\/\/www.hotelfoch.fr\/en\/hotel-foch-its-history\/\" \/>\n<meta property=\"og:locale\" content=\"en_US\" \/>\n<meta property=\"og:type\" content=\"article\" \/>\n<meta property=\"og:title\" content=\"HOTEL FOCH, its history - Foch Nancy\" \/>\n<meta property=\"og:description\" content=\"It may not look be the most glamorous place in the city, but it is an exceptional building for several reasons, including its spectacular style of\" \/>\n<meta property=\"og:url\" content=\"https:\/\/www.hotelfoch.fr\/en\/hotel-foch-its-history\/\" \/>\n<meta property=\"og:site_name\" content=\"Foch Nancy\" \/>\n<meta property=\"article:modified_time\" content=\"2023-10-11T15:30:40+00:00\" \/>\n<meta name=\"twitter:card\" content=\"summary_large_image\" \/>\n<meta name=\"twitter:label1\" content=\"Est. reading time\" \/>\n\t<meta name=\"twitter:data1\" content=\"1 minute\" \/>\n<script type=\"application\/ld+json\" class=\"yoast-schema-graph\">{\"@context\":\"https:\/\/schema.org\",\"@graph\":[{\"@type\":\"WebPage\",\"@id\":\"https:\/\/www.hotelfoch.fr\/en\/hotel-foch-its-history\/\",\"url\":\"https:\/\/www.hotelfoch.fr\/en\/hotel-foch-its-history\/\",\"name\":\"HOTEL FOCH, its history - Foch Nancy\",\"isPartOf\":{\"@id\":\"https:\/\/www.hotelfoch.fr\/en\/#website\"},\"datePublished\":\"2022-08-02T09:16:13+00:00\",\"dateModified\":\"2023-10-11T15:30:40+00:00\",\"description\":\"It may not look be the most glamorous place in the city, but it is an exceptional building for several reasons, including its spectacular style of\",\"breadcrumb\":{\"@id\":\"https:\/\/www.hotelfoch.fr\/en\/hotel-foch-its-history\/#breadcrumb\"},\"inLanguage\":\"en-US\",\"potentialAction\":[{\"@type\":\"ReadAction\",\"target\":[\"https:\/\/www.hotelfoch.fr\/en\/hotel-foch-its-history\/\"]}]},{\"@type\":\"BreadcrumbList\",\"@id\":\"https:\/\/www.hotelfoch.fr\/en\/hotel-foch-its-history\/#breadcrumb\",\"itemListElement\":[{\"@type\":\"ListItem\",\"position\":1,\"name\":\"Accueil\",\"item\":\"https:\/\/www.hotelfoch.fr\/en\/\"},{\"@type\":\"ListItem\",\"position\":2,\"name\":\"HOTEL FOCH, its history\"}]},{\"@type\":\"WebSite\",\"@id\":\"https:\/\/www.hotelfoch.fr\/en\/#website\",\"url\":\"https:\/\/www.hotelfoch.fr\/en\/\",\"name\":\"Foch Nancy\",\"description\":\"Un site utilisant ms.decms.eu\",\"potentialAction\":[{\"@type\":\"SearchAction\",\"target\":{\"@type\":\"EntryPoint\",\"urlTemplate\":\"https:\/\/www.hotelfoch.fr\/en\/?s={search_term_string}\"},\"query-input\":{\"@type\":\"PropertyValueSpecification\",\"valueRequired\":true,\"valueName\":\"search_term_string\"}}],\"inLanguage\":\"en-US\"}]}<\/script>\n<!-- \/ Yoast SEO plugin. -->","yoast_head_json":{"title":"HOTEL FOCH, its history - Foch Nancy","description":"It may not look be the most glamorous place in the city, but it is an exceptional building for several reasons, including its spectacular style of","robots":{"index":"index","follow":"follow","max-snippet":"max-snippet:-1","max-image-preview":"max-image-preview:large","max-video-preview":"max-video-preview:-1"},"canonical":"https:\/\/www.hotelfoch.fr\/en\/hotel-foch-its-history\/","og_locale":"en_US","og_type":"article","og_title":"HOTEL FOCH, its history - Foch Nancy","og_description":"It may not look be the most glamorous place in the city, but it is an exceptional building for several reasons, including its spectacular style of","og_url":"https:\/\/www.hotelfoch.fr\/en\/hotel-foch-its-history\/","og_site_name":"Foch Nancy","article_modified_time":"2023-10-11T15:30:40+00:00","twitter_card":"summary_large_image","twitter_misc":{"Est. reading time":"1 minute"},"schema":{"@context":"https:\/\/schema.org","@graph":[{"@type":"WebPage","@id":"https:\/\/www.hotelfoch.fr\/en\/hotel-foch-its-history\/","url":"https:\/\/www.hotelfoch.fr\/en\/hotel-foch-its-history\/","name":"HOTEL FOCH, its history - Foch Nancy","isPartOf":{"@id":"https:\/\/www.hotelfoch.fr\/en\/#website"},"datePublished":"2022-08-02T09:16:13+00:00","dateModified":"2023-10-11T15:30:40+00:00","description":"It may not look be the most glamorous place in the city, but it is an exceptional building for several reasons, including its spectacular style of","breadcrumb":{"@id":"https:\/\/www.hotelfoch.fr\/en\/hotel-foch-its-history\/#breadcrumb"},"inLanguage":"en-US","potentialAction":[{"@type":"ReadAction","target":["https:\/\/www.hotelfoch.fr\/en\/hotel-foch-its-history\/"]}]},{"@type":"BreadcrumbList","@id":"https:\/\/www.hotelfoch.fr\/en\/hotel-foch-its-history\/#breadcrumb","itemListElement":[{"@type":"ListItem","position":1,"name":"Accueil","item":"https:\/\/www.hotelfoch.fr\/en\/"},{"@type":"ListItem","position":2,"name":"HOTEL FOCH, its history"}]},{"@type":"WebSite","@id":"https:\/\/www.hotelfoch.fr\/en\/#website","url":"https:\/\/www.hotelfoch.fr\/en\/","name":"Foch Nancy","description":"Un site utilisant ms.decms.eu","potentialAction":[{"@type":"SearchAction","target":{"@type":"EntryPoint","urlTemplate":"https:\/\/www.hotelfoch.fr\/en\/?s={search_term_string}"},"query-input":{"@type":"PropertyValueSpecification","valueRequired":true,"valueName":"search_term_string"}}],"inLanguage":"en-US"}]}},"acf":[],"_links":{"self":[{"href":"https:\/\/www.hotelfoch.fr\/en\/wp-json\/wp\/v2\/pages\/186","targetHints":{"allow":["GET"]}}],"collection":[{"href":"https:\/\/www.hotelfoch.fr\/en\/wp-json\/wp\/v2\/pages"}],"about":[{"href":"https:\/\/www.hotelfoch.fr\/en\/wp-json\/wp\/v2\/types\/page"}],"author":[{"embeddable":true,"href":"https:\/\/www.hotelfoch.fr\/en\/wp-json\/wp\/v2\/users\/15"}],"replies":[{"embeddable":true,"href":"https:\/\/www.hotelfoch.fr\/en\/wp-json\/wp\/v2\/comments?post=186"}],"version-history":[{"count":0,"href":"https:\/\/www.hotelfoch.fr\/en\/wp-json\/wp\/v2\/pages\/186\/revisions"}],"wp:attachment":[{"href":"https:\/\/www.hotelfoch.fr\/en\/wp-json\/wp\/v2\/media?parent=186"}],"curies":[{"name":"wp","href":"https:\/\/api.w.org\/{rel}","templated":true}]}}